{"id":209,"date":"2021-06-02T14:13:50","date_gmt":"2021-06-02T12:13:50","guid":{"rendered":"http:\/\/nerwowomiesniowe.eu\/?page_id=209"},"modified":"2025-04-04T10:41:07","modified_gmt":"2025-04-04T08:41:07","slug":"osrodek-badawczy","status":"publish","type":"page","link":"https:\/\/nerwowomiesniowe.eu\/?page_id=209","title":{"rendered":"O\u015brodek badawczy"},"content":{"rendered":"\n<p>Badanie kliniczne ARGX-113-2003 prowadzone jest przez <a href=\"http:\/\/neurocor.pl\" data-type=\"URL\" data-id=\"neurocor.pl\">NeuroCor Krak\u00f3w<\/a> zlokalizowany w Krakowie przy ul. Medweckiego 7\/U12. Zesp\u00f3\u0142 specjalist\u00f3w (neurolog\u00f3w, neurofizjolog\u00f3w, lekarzy innych specjalno\u015bci), koordynator\u00f3w bada\u0144 klinicznych, piel\u0119gniarki, posiada wieloletnie do\u015bwiadczenie w prowadzeniu bada\u0144 klinicznych II i III fazy. O\u015brodek jest zarejestrowany w europejskim rejestrze o\u015brodk\u00f3w bada\u0144 klinicznych EMA-SPOR.<\/p>\n\n\n\n<p>Osob\u0105 odpowiedzialn\u0105 za badanie ARGX-113-2003 jest <a href=\"https:\/\/neurocor.pl\/neurolog-krzysztof-banaszkiewicz\/\" target=\"_blank\" rel=\"noreferrer noopener\">dr n. med. Krzysztof Banaszkiewicz<\/a>. <\/p>\n\n\n\n<p>Pacjenci uczestnicz\u0105cy w badaniu klinicznym, szczeg\u00f3lni ci kt\u00f3rzy mieszkaj\u0105 poza Krakowem mog\u0105 uzyska\u0107 zwrot koszt\u00f3w podr\u00f3\u017cy zwi\u0105zanych z badaniem. <\/p>\n\n\n\n<p class=\"has-text-align-right\"><strong><a href=\"https:\/\/nerwowomiesniowe.eu\">Powr\u00f3t do strony g\u0142\u00f3wnej<\/a><\/strong><\/p>\n","protected":false},"excerpt":{"rendered":"<p>Badanie kliniczne ARGX-113-2003 prowadzone jest przez NeuroCor Krak\u00f3w zlokalizowany w Krakowie przy ul. Medweckiego 7\/U12. Zesp\u00f3\u0142 specjalist\u00f3w (neurolog\u00f3w, neurofizjolog\u00f3w, lekarzy innych specjalno\u015bci), koordynator\u00f3w bada\u0144 klinicznych, piel\u0119gniarki, posiada wieloletnie do\u015bwiadczenie w prowadzeniu bada\u0144 klinicznych II i III fazy. O\u015brodek jest zarejestrowany w europejskim rejestrze o\u015brodk\u00f3w bada\u0144 klinicznych EMA-SPOR. Osob\u0105 odpowiedzialn\u0105 za &hellip;<\/p>\n","protected":false},"author":2,"featured_media":0,"parent":0,"menu_order":0,"comment_status":"closed","ping_status":"closed","template":"","meta":[],"_links":{"self":[{"href":"https:\/\/nerwowomiesniowe.eu\/index.php?rest_route=\/wp\/v2\/pages\/209"}],"collection":[{"href":"https:\/\/nerwowomiesniowe.eu\/index.php?rest_route=\/wp\/v2\/pages"}],"about":[{"href":"https:\/\/nerwowomiesniowe.eu\/index.php?rest_route=\/wp\/v2\/types\/page"}],"author":[{"embeddable":true,"href":"https:\/\/nerwowomiesniowe.eu\/index.php?rest_route=\/wp\/v2\/users\/2"}],"replies":[{"embeddable":true,"href":"https:\/\/nerwowomiesniowe.eu\/index.php?rest_route=%2Fwp%2Fv2%2Fcomments&post=209"}],"version-history":[{"count":6,"href":"https:\/\/nerwowomiesniowe.eu\/index.php?rest_route=\/wp\/v2\/pages\/209\/revisions"}],"predecessor-version":[{"id":284,"href":"https:\/\/nerwowomiesniowe.eu\/index.php?rest_route=\/wp\/v2\/pages\/209\/revisions\/284"}],"wp:attachment":[{"href":"https:\/\/nerwowomiesniowe.eu\/index.php?rest_route=%2Fwp%2Fv2%2Fmedia&parent=209"}],"curies":[{"name":"wp","href":"https:\/\/api.w.org\/{rel}","templated":true}]}}