{"id":200,"date":"2021-06-02T14:02:25","date_gmt":"2021-06-02T12:02:25","guid":{"rendered":"http:\/\/nerwowomiesniowe.eu\/?page_id=200"},"modified":"2023-01-23T08:56:11","modified_gmt":"2023-01-23T07:56:11","slug":"efgartigimod","status":"publish","type":"page","link":"https:\/\/nerwowomiesniowe.eu\/?page_id=200","title":{"rendered":"Efgartigimod"},"content":{"rendered":"\n<p>Efgartigimod to nowy lek, kt\u00f3ry ju\u017c zosta\u0142 dopuszczony do stosowania w uog\u00f3lnionej miastenii gravis przez Agencj\u0119 \u017bywno\u015bci i Lek\u00f3w (FDA) w Stanach Zjednoczonych oraz przez Europejsk\u0105 Agencj\u0119 ds. Lek\u00f3w (EMA).<\/p>\n\n\n\n<p class=\"has-text-align-right\"><strong><a href=\"https:\/\/nerwowomiesniowe.eu\">Powr\u00f3t do strony g\u0142\u00f3wnej<\/a><\/strong><\/p>\n","protected":false},"excerpt":{"rendered":"<p>Efgartigimod to nowy lek, kt\u00f3ry ju\u017c zosta\u0142 dopuszczony do stosowania w uog\u00f3lnionej miastenii gravis przez Agencj\u0119 \u017bywno\u015bci i Lek\u00f3w (FDA) w Stanach Zjednoczonych oraz przez Europejsk\u0105 Agencj\u0119 ds. Lek\u00f3w (EMA). Powr\u00f3t do strony g\u0142\u00f3wnej<\/p>\n","protected":false},"author":2,"featured_media":0,"parent":0,"menu_order":0,"comment_status":"closed","ping_status":"closed","template":"","meta":[],"_links":{"self":[{"href":"https:\/\/nerwowomiesniowe.eu\/index.php?rest_route=\/wp\/v2\/pages\/200"}],"collection":[{"href":"https:\/\/nerwowomiesniowe.eu\/index.php?rest_route=\/wp\/v2\/pages"}],"about":[{"href":"https:\/\/nerwowomiesniowe.eu\/index.php?rest_route=\/wp\/v2\/types\/page"}],"author":[{"embeddable":true,"href":"https:\/\/nerwowomiesniowe.eu\/index.php?rest_route=\/wp\/v2\/users\/2"}],"replies":[{"embeddable":true,"href":"https:\/\/nerwowomiesniowe.eu\/index.php?rest_route=%2Fwp%2Fv2%2Fcomments&post=200"}],"version-history":[{"count":3,"href":"https:\/\/nerwowomiesniowe.eu\/index.php?rest_route=\/wp\/v2\/pages\/200\/revisions"}],"predecessor-version":[{"id":275,"href":"https:\/\/nerwowomiesniowe.eu\/index.php?rest_route=\/wp\/v2\/pages\/200\/revisions\/275"}],"wp:attachment":[{"href":"https:\/\/nerwowomiesniowe.eu\/index.php?rest_route=%2Fwp%2Fv2%2Fmedia&parent=200"}],"curies":[{"name":"wp","href":"https:\/\/api.w.org\/{rel}","templated":true}]}}