{"id":196,"date":"2021-06-02T14:00:04","date_gmt":"2021-06-02T12:00:04","guid":{"rendered":"http:\/\/nerwowomiesniowe.eu\/?page_id=196"},"modified":"2023-01-23T08:40:31","modified_gmt":"2023-01-23T07:40:31","slug":"badanie-kliniczne-argx-113-2003","status":"publish","type":"page","link":"https:\/\/nerwowomiesniowe.eu\/","title":{"rendered":"Badanie kliniczne ARGX-113-2003"},"content":{"rendered":"\n<p>Badanie naukowe ADAPT<sup> <\/sup> NEXT (ARGX-113-2003) zosta\u0142o zaprojektowane w celu oceny skuteczno\u015bci i bezpiecze\u0144stwa stosowania efgartigimodu podawanego we wstrzykni\u0119ciach do\u017cylnych u doros\u0142ych z miasteni\u0105 uog\u00f3lnion\u0105 (gMG). <\/p>\n\n\n\n<p>G\u0142\u00f3wnym celem badania jest okre\u015blenie, czy istnieje r\u00f3\u017cnica w zakresie wp\u0142ywu na organizm dla 2 r\u00f3\u017cnych schemat\u00f3w podania efgartigimodu.<\/p>\n\n\n\n<p>To badanie b\u0119dzie prowadzone na ca\u0142ym \u015bwiecie w wielu o\u015brodkach leczniczych.<\/p>\n\n\n\n<p>Opis tego badania naukowego jest dost\u0119pny na stronie http:\/\/www.clinicaltrials.gov.<a href=\"http:\/\/www.clinicaltrials.gov. \"> <\/a>Jest to badanie naukowe sponsorowane przez firm\u0119 argenx BV.\u00a0 Wi\u0119cej informacji na temat tej firmy mo\u017cna znale\u017a\u0107 na stronie https:\/\/www.argenx.com\/patients\/myasthenia-gravis<\/p>\n\n\n\n<p><\/p>\n\n\n\n<p><\/p>\n","protected":false},"excerpt":{"rendered":"<p>Badanie naukowe ADAPT NEXT (ARGX-113-2003) zosta\u0142o zaprojektowane w celu oceny skuteczno\u015bci i bezpiecze\u0144stwa stosowania efgartigimodu podawanego we wstrzykni\u0119ciach do\u017cylnych u doros\u0142ych z miasteni\u0105 uog\u00f3lnion\u0105 (gMG). G\u0142\u00f3wnym celem badania jest okre\u015blenie, czy istnieje r\u00f3\u017cnica w zakresie wp\u0142ywu na organizm dla 2 r\u00f3\u017cnych schemat\u00f3w podania efgartigimodu. To badanie b\u0119dzie prowadzone na ca\u0142ym &hellip;<\/p>\n","protected":false},"author":2,"featured_media":0,"parent":0,"menu_order":0,"comment_status":"closed","ping_status":"closed","template":"","meta":[],"_links":{"self":[{"href":"https:\/\/nerwowomiesniowe.eu\/index.php?rest_route=\/wp\/v2\/pages\/196"}],"collection":[{"href":"https:\/\/nerwowomiesniowe.eu\/index.php?rest_route=\/wp\/v2\/pages"}],"about":[{"href":"https:\/\/nerwowomiesniowe.eu\/index.php?rest_route=\/wp\/v2\/types\/page"}],"author":[{"embeddable":true,"href":"https:\/\/nerwowomiesniowe.eu\/index.php?rest_route=\/wp\/v2\/users\/2"}],"replies":[{"embeddable":true,"href":"https:\/\/nerwowomiesniowe.eu\/index.php?rest_route=%2Fwp%2Fv2%2Fcomments&post=196"}],"version-history":[{"count":7,"href":"https:\/\/nerwowomiesniowe.eu\/index.php?rest_route=\/wp\/v2\/pages\/196\/revisions"}],"predecessor-version":[{"id":285,"href":"https:\/\/nerwowomiesniowe.eu\/index.php?rest_route=\/wp\/v2\/pages\/196\/revisions\/285"}],"wp:attachment":[{"href":"https:\/\/nerwowomiesniowe.eu\/index.php?rest_route=%2Fwp%2Fv2%2Fmedia&parent=196"}],"curies":[{"name":"wp","href":"https:\/\/api.w.org\/{rel}","templated":true}]}}