{"id":194,"date":"2021-06-02T13:57:14","date_gmt":"2021-06-02T11:57:14","guid":{"rendered":"http:\/\/nerwowomiesniowe.eu\/?page_id=194"},"modified":"2023-01-23T08:35:45","modified_gmt":"2023-01-23T07:35:45","slug":"kto-moze-skorzystac","status":"publish","type":"page","link":"https:\/\/nerwowomiesniowe.eu\/?page_id=194","title":{"rendered":"Kto mo\u017ce skorzysta\u0107?"},"content":{"rendered":"\n<p>Do udzia\u0142u w badaniu klinicznym mog\u0105 zosta\u0107 zakwalifikowane osoby, kt\u00f3re spe\u0142niaj\u0105 poni\u017csze kryteria:<\/p>\n\n\n\n<ul>\n<li>Wiek \u2265 18 lat.<\/li>\n\n\n\n<li>Rozpoznanie miastenii uog\u00f3lnionej (gMG).<\/li>\n\n\n\n<li>Przyjmowanie stabilnej dawki lek\u00f3w stosowanych regularnie w leczeniu miastenii uog\u00f3lnionej.<\/li>\n\n\n\n<li>Nieprzyjmowanie \u017cadnych lek\u00f3w na bazie przeciwcia\u0142 w ci\u0105gu 6&nbsp;miesi\u0119cy.<\/li>\n\n\n\n<li>Ch\u0119\u0107 i zdolno\u015b\u0107 zg\u0142aszania si\u0119 do o\u015brodka badawczego w regularnych odst\u0119pach czasu.<\/li>\n<\/ul>\n\n\n\n<p>W badaniu mog\u0105 skorzysta\u0107 zar\u00f3wno osoby zamieszkuj\u0105ce w Ma\u0142opolsce jak i poza. Pacjenci uczestnicz\u0105cy w badaniu klinicznym, szczeg\u00f3lni ci kt\u00f3rzy mieszkaj\u0105 poza Krakowem mog\u0105 uzyska\u0107 zwrot koszt\u00f3w podr\u00f3\u017cy zwi\u0105zanych z badaniem.<\/p>\n\n\n\n<p>O udziale w badaniu decyduje zesp\u00f3\u0142 specjalist\u00f3w prowadz\u0105cych badanie. Rozpocz\u0119cie udzia\u0142u w badaniu poprzedzone jest procesem kwalifikacji, w czasie kt\u00f3rego oceniane jest mi\u0119dzy innymi nasilenie objaw\u00f3w miastenii, wp\u0142yw innych chor\u00f3b towarzysz\u0105cych, wykonywane s\u0105 badania krwi i moczu.<\/p>\n\n\n\n<p class=\"has-text-align-right\"><strong><a href=\"https:\/\/nerwowomiesniowe.eu\">Powr\u00f3t do strony g\u0142\u00f3wnej<\/a><\/strong><\/p>\n","protected":false},"excerpt":{"rendered":"<p>Do udzia\u0142u w badaniu klinicznym mog\u0105 zosta\u0107 zakwalifikowane osoby, kt\u00f3re spe\u0142niaj\u0105 poni\u017csze kryteria: W badaniu mog\u0105 skorzysta\u0107 zar\u00f3wno osoby zamieszkuj\u0105ce w Ma\u0142opolsce jak i poza. Pacjenci uczestnicz\u0105cy w badaniu klinicznym, szczeg\u00f3lni ci kt\u00f3rzy mieszkaj\u0105 poza Krakowem mog\u0105 uzyska\u0107 zwrot koszt\u00f3w podr\u00f3\u017cy zwi\u0105zanych z badaniem. O udziale w badaniu decyduje zesp\u00f3\u0142 &hellip;<\/p>\n","protected":false},"author":2,"featured_media":0,"parent":0,"menu_order":0,"comment_status":"closed","ping_status":"closed","template":"","meta":[],"_links":{"self":[{"href":"https:\/\/nerwowomiesniowe.eu\/index.php?rest_route=\/wp\/v2\/pages\/194"}],"collection":[{"href":"https:\/\/nerwowomiesniowe.eu\/index.php?rest_route=\/wp\/v2\/pages"}],"about":[{"href":"https:\/\/nerwowomiesniowe.eu\/index.php?rest_route=\/wp\/v2\/types\/page"}],"author":[{"embeddable":true,"href":"https:\/\/nerwowomiesniowe.eu\/index.php?rest_route=\/wp\/v2\/users\/2"}],"replies":[{"embeddable":true,"href":"https:\/\/nerwowomiesniowe.eu\/index.php?rest_route=%2Fwp%2Fv2%2Fcomments&post=194"}],"version-history":[{"count":4,"href":"https:\/\/nerwowomiesniowe.eu\/index.php?rest_route=\/wp\/v2\/pages\/194\/revisions"}],"predecessor-version":[{"id":266,"href":"https:\/\/nerwowomiesniowe.eu\/index.php?rest_route=\/wp\/v2\/pages\/194\/revisions\/266"}],"wp:attachment":[{"href":"https:\/\/nerwowomiesniowe.eu\/index.php?rest_route=%2Fwp%2Fv2%2Fmedia&parent=194"}],"curies":[{"name":"wp","href":"https:\/\/api.w.org\/{rel}","templated":true}]}}